{"id":3,"date":"2020-09-01T23:17:04","date_gmt":"2020-09-01T23:17:04","guid":{"rendered":"http:\/\/bodymetrix.com.br\/?page_id=3"},"modified":"2021-04-15T11:26:53","modified_gmt":"2021-04-15T14:26:53","slug":"politica-de-privacidade","status":"publish","type":"page","link":"https:\/\/bodymetrix.com.br\/es\/politica-de-privacidade\/","title":{"rendered":"Pol\u00edtica de Privacidade"},"content":{"rendered":"[et_pb_section fb_built=&#8221;1&#8243; _builder_version=&#8221;3.22&#8243;][et_pb_row _builder_version=&#8221;3.25&#8243; background_size=&#8221;initial&#8221; background_position=&#8221;top_left&#8221; background_repeat=&#8221;repeat&#8221;][et_pb_column type=&#8221;4_4&#8243; _builder_version=&#8221;3.25&#8243; custom_padding=&#8221;|||&#8221; custom_padding__hover=&#8221;|||&#8221;][et_pb_text _builder_version=&#8221;4.9.4&#8243; background_size=&#8221;initial&#8221; background_position=&#8221;top_left&#8221; background_repeat=&#8221;repeat&#8221; custom_margin=&#8221;100px|100px|100px|100px|false|false&#8221;]<h2 style=\"text-align: center;\">Pol\u00edtica de Privacidade<\/h2>\n<p>&nbsp;<\/p>\n<p>A BodyMetrix Brasil sabe o quanto \u00e9 importante para voc\u00ea conhecer e estar seguro sobre a utiliza\u00e7\u00e3o dos seus dados pessoais. Por isso, preocupamo-nos em esclarecer e divulgar nossa pol\u00edtica de utiliza\u00e7\u00e3o dessas informa\u00e7\u00f5es.<\/p>\n<p>Para cadastro e acesso aos conte\u00fados do site, voc\u00ea precisar\u00e1 informar \u00e0 BodyMetrix Brasil alguns dados pessoais e\/ou comerciais.<br \/>A BodyMetrix Brasil poder\u00e1 alterar esta pol\u00edtica a qualquer tempo e sem pr\u00e9via comunica\u00e7\u00e3o, raz\u00e3o pela qual recomendamos sua leitura peri\u00f3dica.<\/p>\n<p>S\u00e3o coletadas todas as informa\u00e7\u00f5es inseridas ou cedidas por voc\u00ea na ou para utiliza\u00e7\u00e3o da Plataforma, destinadas tamb\u00e9m \u00e0 melhoria de nosso sistema e\/ou do modo de presta\u00e7\u00e3o de servi\u00e7os.<\/p>\n<p>A BodyMetrix Brasil tamb\u00e9m coleta algumas informa\u00e7\u00f5es, automaticamente, quando voc\u00ea acessa e utiliza a Plataforma, tais como caracter\u00edsticas do dispositivo de acesso, do navegador, Protocolo de Internet (IP, com data e hora), origem do IP, informa\u00e7\u00f5es sobre cliques, p\u00e1ginas acessadas, as p\u00e1ginas seguintes acessadas ap\u00f3s a sa\u00edda da Plataforma, ou qualquer termo de busca digitado na Plataforma, dentre outros.<\/p>\n<p>Desta forma, ciente do todo exposto aqui, voc\u00ea concorda com a coleta e armazenamento das informa\u00e7\u00f5es por voc\u00ea ora cedidas \u00e0 BodyMetrix Brasil.<\/p>\n<p>Todas as informa\u00e7\u00f5es s\u00e3o utilizadas, em especial, para a presta\u00e7\u00e3o de servi\u00e7os pela BodyMetrix Brasil, bem como para fins publicit\u00e1rios, sendo que a BodyMetrix Brasil poder\u00e1 trabalhar com empresas terceirizadas para a divulga\u00e7\u00e3o de an\u00fancios a voc\u00ea. Tais empresas poder\u00e3o coletar informa\u00e7\u00f5es sobre suas visitas \u00e0 Plataforma, no intuito de fornecer an\u00fancios sobre seus servi\u00e7os.<\/p>\n<p>Importante ressaltar que a Plataforma da BodyMetrix Brasil pode conter links para outras p\u00e1ginas que possuam Pol\u00edticas de Privacidade com previs\u00f5es diferentes das aqui expostas. Assim sendo, n\u00e3o nos responsabilizamos pela coleta, utiliza\u00e7\u00e3o, compartilhamento e armazenamento de seus dados pelos respons\u00e1veis por tais p\u00e1ginas fora de sua Plataforma.<\/p>\n<p>Mantenha sua senha em seguran\u00e7a para garantir que todo e qualquer acesso seja feito exclusivamente por voc\u00ea.<br \/>Em raz\u00e3o da pr\u00f3pria natureza da Internet, n\u00e3o \u00e9 poss\u00edvel garantir que terceiros n\u00e3o tenham acesso indevido \u00e0s informa\u00e7\u00f5es por voc\u00ea cedidas \u00e0 BodyMetrix Brasil.<\/p>\n<p>\u00c9 altamente recomend\u00e1vel a leitura do Termo de Uso.<\/p>\n<p>Fica eleito o Foro da Comarca de Araraquara\/SP para dirimir quaisquer d\u00favidas oriundas deste instrumento, com exclus\u00e3o de qualquer outro, por mais privilegiado que seja ou venha a ser.<\/p>\n<p><\/p>[\/et_pb_text][\/et_pb_column][\/et_pb_row][\/et_pb_section]<!-- \/wp:post-content -->","protected":false},"excerpt":{"rendered":"<p>Pol\u00edtica de Privacidade &nbsp; A BodyMetrix Brasil sabe o quanto \u00e9 importante para voc\u00ea conhecer e estar seguro sobre a utiliza\u00e7\u00e3o dos seus dados pessoais. Por isso, preocupamo-nos em esclarecer e divulgar nossa pol\u00edtica de utiliza\u00e7\u00e3o dessas informa\u00e7\u00f5es. Para cadastro e acesso aos conte\u00fados do site, voc\u00ea precisar\u00e1 informar \u00e0 BodyMetrix Brasil alguns dados pessoais [&hellip;]<\/p>","protected":false},"author":1,"featured_media":0,"parent":0,"menu_order":0,"comment_status":"closed","ping_status":"open","template":"","meta":{"_et_pb_use_builder":"on","_et_pb_old_content":"<!-- wp:heading -->\r\n<p>\u00a0<\/p>\r\n<p>A BodyMetrix Brasil sabe o quanto \u00e9 importante para voc\u00ea conhecer e estar seguro sobre a utiliza\u00e7\u00e3o dos seus dados pessoais. Por isso, preocupamo-nos em esclarecer e divulgar nossa pol\u00edtica de utiliza\u00e7\u00e3o dessas informa\u00e7\u00f5es.<\/p>\r\n<p>Para cadastro e acesso aos conte\u00fados do site, voc\u00ea precisar\u00e1 informar \u00e0 BodyMetrix Brasil alguns dados pessoais e\/ou comerciais.<br \/>A BodyMetrix Brasil poder\u00e1 alterar esta pol\u00edtica a qualquer tempo e sem pr\u00e9via comunica\u00e7\u00e3o, raz\u00e3o pela qual recomendamos sua leitura peri\u00f3dica.<\/p>\r\n<p>S\u00e3o coletadas todas as informa\u00e7\u00f5es inseridas ou cedidas por voc\u00ea na ou para utiliza\u00e7\u00e3o da Plataforma, destinadas tamb\u00e9m \u00e0 melhoria de nosso sistema e\/ou do modo de presta\u00e7\u00e3o de servi\u00e7os.<\/p>\r\n<p>A BodyMetrix Brasil tamb\u00e9m coleta algumas informa\u00e7\u00f5es, automaticamente, quando voc\u00ea acessa e utiliza a Plataforma, tais como caracter\u00edsticas do dispositivo de acesso, do navegador, Protocolo de Internet (IP, com data e hora), origem do IP, informa\u00e7\u00f5es sobre cliques, p\u00e1ginas acessadas, as p\u00e1ginas seguintes acessadas ap\u00f3s a sa\u00edda da Plataforma, ou qualquer termo de busca digitado na Plataforma, dentre outros.<\/p>\r\n<p>Desta forma, ciente do todo exposto aqui, voc\u00ea concorda com a coleta e armazenamento das informa\u00e7\u00f5es por voc\u00ea ora cedidas \u00e0 BodyMetrix Brasil.<\/p>\r\n<p>Todas as informa\u00e7\u00f5es s\u00e3o utilizadas, em especial, para a presta\u00e7\u00e3o de servi\u00e7os pela BodyMetrix Brasil, bem como para fins publicit\u00e1rios, sendo que a BodyMetrix Brasil poder\u00e1 trabalhar com empresas terceirizadas para a divulga\u00e7\u00e3o de an\u00fancios a voc\u00ea. Tais empresas poder\u00e3o coletar informa\u00e7\u00f5es sobre suas visitas \u00e0 Plataforma, no intuito de fornecer an\u00fancios sobre seus servi\u00e7os.<\/p>\r\n<p>Importante ressaltar que a Plataforma da BodyMetrix Brasil pode conter links para outras p\u00e1ginas que possuam Pol\u00edticas de Privacidade com previs\u00f5es diferentes das aqui expostas. Assim sendo, n\u00e3o nos responsabilizamos pela coleta, utiliza\u00e7\u00e3o, compartilhamento e armazenamento de seus dados pelos respons\u00e1veis por tais p\u00e1ginas fora de sua Plataforma.<\/p>\r\n<p>Mantenha sua senha em seguran\u00e7a para garantir que todo e qualquer acesso seja feito exclusivamente por voc\u00ea.<br \/>Em raz\u00e3o da pr\u00f3pria natureza da Internet, n\u00e3o \u00e9 poss\u00edvel garantir que terceiros n\u00e3o tenham acesso indevido \u00e0s informa\u00e7\u00f5es por voc\u00ea cedidas \u00e0 BodyMetrix Brasil.<\/p>\r\n<p>\u00c9 altamente recomend\u00e1vel a leitura do Termo de Uso.<\/p>\r\n<p>Fica eleito o Foro da Comarca de Araraquara\/SP para dirimir quaisquer d\u00favidas oriundas deste instrumento, com exclus\u00e3o de qualquer outro, por mais privilegiado que seja ou venha a ser.<\/p>\r\n<!-- \/wp:heading -->","_et_gb_content_width":"","footnotes":""},"class_list":["post-3","page","type-page","status-publish","hentry"],"yoast_head":"<!-- This site is optimized with the Yoast SEO plugin v26.9 - https:\/\/yoast.com\/product\/yoast-seo-wordpress\/ -->\n<title>Pol\u00edtica de Privacidade - BodyMetrix<\/title>\n<meta name=\"robots\" content=\"index, follow, max-snippet:-1, max-image-preview:large, max-video-preview:-1\" \/>\n<link rel=\"canonical\" href=\"https:\/\/bodymetrix.com.br\/es\/politica-de-privacidade\/\" \/>\n<meta property=\"og:locale\" content=\"es_ES\" \/>\n<meta property=\"og:type\" content=\"article\" \/>\n<meta property=\"og:title\" content=\"Pol\u00edtica de Privacidade - BodyMetrix\" \/>\n<meta property=\"og:description\" content=\"Pol\u00edtica de Privacidade &nbsp; A BodyMetrix Brasil sabe o quanto \u00e9 importante para voc\u00ea conhecer e estar seguro sobre a utiliza\u00e7\u00e3o dos seus dados pessoais. Por isso, preocupamo-nos em esclarecer e divulgar nossa pol\u00edtica de utiliza\u00e7\u00e3o dessas informa\u00e7\u00f5es. Para cadastro e acesso aos conte\u00fados do site, voc\u00ea precisar\u00e1 informar \u00e0 BodyMetrix Brasil alguns dados pessoais [&hellip;]\" \/>\n<meta property=\"og:url\" content=\"https:\/\/bodymetrix.com.br\/es\/politica-de-privacidade\/\" \/>\n<meta property=\"og:site_name\" content=\"BodyMetrix\" \/>\n<meta property=\"article:modified_time\" content=\"2021-04-15T14:26:53+00:00\" \/>\n<meta name=\"twitter:card\" content=\"summary_large_image\" \/>\n<meta name=\"twitter:label1\" content=\"Tiempo de lectura\" \/>\n\t<meta name=\"twitter:data1\" content=\"2 minutos\" \/>\n<script type=\"application\/ld+json\" class=\"yoast-schema-graph\">{\"@context\":\"https:\/\/schema.org\",\"@graph\":[{\"@type\":\"WebPage\",\"@id\":\"https:\/\/bodymetrix.com.br\/politica-de-privacidade\/\",\"url\":\"https:\/\/bodymetrix.com.br\/politica-de-privacidade\/\",\"name\":\"Pol\u00edtica de Privacidade - BodyMetrix\",\"isPartOf\":{\"@id\":\"https:\/\/bodymetrix.com.br\/#website\"},\"datePublished\":\"2020-09-01T23:17:04+00:00\",\"dateModified\":\"2021-04-15T14:26:53+00:00\",\"breadcrumb\":{\"@id\":\"https:\/\/bodymetrix.com.br\/politica-de-privacidade\/#breadcrumb\"},\"inLanguage\":\"es\",\"potentialAction\":[{\"@type\":\"ReadAction\",\"target\":[\"https:\/\/bodymetrix.com.br\/politica-de-privacidade\/\"]}]},{\"@type\":\"BreadcrumbList\",\"@id\":\"https:\/\/bodymetrix.com.br\/politica-de-privacidade\/#breadcrumb\",\"itemListElement\":[{\"@type\":\"ListItem\",\"position\":1,\"name\":\"In\u00edcio\",\"item\":\"https:\/\/bodymetrix.com.br\/\"},{\"@type\":\"ListItem\",\"position\":2,\"name\":\"Pol\u00edtica de Privacidade\"}]},{\"@type\":\"WebSite\",\"@id\":\"https:\/\/bodymetrix.com.br\/#website\",\"url\":\"https:\/\/bodymetrix.com.br\/\",\"name\":\"BodyMetrix\",\"description\":\"BodyMetrix by IntelaMetrix\",\"potentialAction\":[{\"@type\":\"SearchAction\",\"target\":{\"@type\":\"EntryPoint\",\"urlTemplate\":\"https:\/\/bodymetrix.com.br\/?s={search_term_string}\"},\"query-input\":{\"@type\":\"PropertyValueSpecification\",\"valueRequired\":true,\"valueName\":\"search_term_string\"}}],\"inLanguage\":\"es\"}]}<\/script>\n<!-- \/ Yoast SEO plugin. -->","yoast_head_json":{"title":"Pol\u00edtica de Privacidade - BodyMetrix","robots":{"index":"index","follow":"follow","max-snippet":"max-snippet:-1","max-image-preview":"max-image-preview:large","max-video-preview":"max-video-preview:-1"},"canonical":"https:\/\/bodymetrix.com.br\/es\/politica-de-privacidade\/","og_locale":"es_ES","og_type":"article","og_title":"Pol\u00edtica de Privacidade - BodyMetrix","og_description":"Pol\u00edtica de Privacidade &nbsp; A BodyMetrix Brasil sabe o quanto \u00e9 importante para voc\u00ea conhecer e estar seguro sobre a utiliza\u00e7\u00e3o dos seus dados pessoais. Por isso, preocupamo-nos em esclarecer e divulgar nossa pol\u00edtica de utiliza\u00e7\u00e3o dessas informa\u00e7\u00f5es. Para cadastro e acesso aos conte\u00fados do site, voc\u00ea precisar\u00e1 informar \u00e0 BodyMetrix Brasil alguns dados pessoais [&hellip;]","og_url":"https:\/\/bodymetrix.com.br\/es\/politica-de-privacidade\/","og_site_name":"BodyMetrix","article_modified_time":"2021-04-15T14:26:53+00:00","twitter_card":"summary_large_image","twitter_misc":{"Tiempo de lectura":"2 minutos"},"schema":{"@context":"https:\/\/schema.org","@graph":[{"@type":"WebPage","@id":"https:\/\/bodymetrix.com.br\/politica-de-privacidade\/","url":"https:\/\/bodymetrix.com.br\/politica-de-privacidade\/","name":"Pol\u00edtica de Privacidade - BodyMetrix","isPartOf":{"@id":"https:\/\/bodymetrix.com.br\/#website"},"datePublished":"2020-09-01T23:17:04+00:00","dateModified":"2021-04-15T14:26:53+00:00","breadcrumb":{"@id":"https:\/\/bodymetrix.com.br\/politica-de-privacidade\/#breadcrumb"},"inLanguage":"es","potentialAction":[{"@type":"ReadAction","target":["https:\/\/bodymetrix.com.br\/politica-de-privacidade\/"]}]},{"@type":"BreadcrumbList","@id":"https:\/\/bodymetrix.com.br\/politica-de-privacidade\/#breadcrumb","itemListElement":[{"@type":"ListItem","position":1,"name":"In\u00edcio","item":"https:\/\/bodymetrix.com.br\/"},{"@type":"ListItem","position":2,"name":"Pol\u00edtica de Privacidade"}]},{"@type":"WebSite","@id":"https:\/\/bodymetrix.com.br\/#website","url":"https:\/\/bodymetrix.com.br\/","name":"BodyMetrix","description":"BodyMetrix by IntelaMetrix","potentialAction":[{"@type":"SearchAction","target":{"@type":"EntryPoint","urlTemplate":"https:\/\/bodymetrix.com.br\/?s={search_term_string}"},"query-input":{"@type":"PropertyValueSpecification","valueRequired":true,"valueName":"search_term_string"}}],"inLanguage":"es"}]}},"_links":{"self":[{"href":"https:\/\/bodymetrix.com.br\/es\/wp-json\/wp\/v2\/pages\/3","targetHints":{"allow":["GET"]}}],"collection":[{"href":"https:\/\/bodymetrix.com.br\/es\/wp-json\/wp\/v2\/pages"}],"about":[{"href":"https:\/\/bodymetrix.com.br\/es\/wp-json\/wp\/v2\/types\/page"}],"author":[{"embeddable":true,"href":"https:\/\/bodymetrix.com.br\/es\/wp-json\/wp\/v2\/users\/1"}],"replies":[{"embeddable":true,"href":"https:\/\/bodymetrix.com.br\/es\/wp-json\/wp\/v2\/comments?post=3"}],"version-history":[{"count":4,"href":"https:\/\/bodymetrix.com.br\/es\/wp-json\/wp\/v2\/pages\/3\/revisions"}],"predecessor-version":[{"id":3461,"href":"https:\/\/bodymetrix.com.br\/es\/wp-json\/wp\/v2\/pages\/3\/revisions\/3461"}],"wp:attachment":[{"href":"https:\/\/bodymetrix.com.br\/es\/wp-json\/wp\/v2\/media?parent=3"}],"curies":[{"name":"wp","href":"https:\/\/api.w.org\/{rel}","templated":true}]}}